{"id":512,"date":"2018-10-16T20:20:12","date_gmt":"2018-10-16T20:20:12","guid":{"rendered":"http:\/\/casa-grande.com.ar\/web\/?page_id=512"},"modified":"2018-11-22T21:58:32","modified_gmt":"2018-11-22T21:58:32","slug":"snowboard","status":"publish","type":"page","link":"https:\/\/casa-grande.com.ar\/web\/fotos\/snowboard\/","title":{"rendered":"Snowboard &#038; Ski"},"content":{"rendered":"<p>Cerrobayo tiene dise\u00f1ado sectores exclusivos para cada tipo de esquiador. Cuenta con un circuito especial para principiantes, pistas para intermedios y fuera de pista para expertos.<\/p>\n<p>Los m\u00e1s chicos podr\u00e1n disfrutar de variadas opciones especialmente pensadas para ellos. Tambi\u00e9n se presentan dos zonas diferentes para la pr\u00e1ctica de Freestyle, tanto para ski como para snowboard.<\/p>\n<p><img loading=\"lazy\" decoding=\"async\" class=\"aligncenter wp-image-513 size-full\" src=\"http:\/\/casa-grande.com.ar\/web\/wp-content\/uploads\/2018\/10\/fotos-varias-snowboard-420.jpg\" alt=\"\" width=\"631\" height=\"420\" srcset=\"https:\/\/casa-grande.com.ar\/web\/wp-content\/uploads\/2018\/10\/fotos-varias-snowboard-420.jpg 631w, https:\/\/casa-grande.com.ar\/web\/wp-content\/uploads\/2018\/10\/fotos-varias-snowboard-420-300x200.jpg 300w\" sizes=\"auto, (max-width: 631px) 100vw, 631px\" \/><\/p>\n","protected":false},"excerpt":{"rendered":"<p>Cerrobayo tiene dise\u00f1ado sectores exclusivos para cada tipo de esquiador. Cuenta con un circuito especial para principiantes, pistas para intermedios y fuera de pista para<\/p>\n","protected":false},"author":2,"featured_media":513,"parent":510,"menu_order":10,"comment_status":"closed","ping_status":"closed","template":"page-templates\/template-portfolio.php","meta":{"footnotes":""},"class_list":["post-512","page","type-page","status-publish","has-post-thumbnail","hentry"],"_links":{"self":[{"href":"https:\/\/casa-grande.com.ar\/web\/wp-json\/wp\/v2\/pages\/512","targetHints":{"allow":["GET"]}}],"collection":[{"href":"https:\/\/casa-grande.com.ar\/web\/wp-json\/wp\/v2\/pages"}],"about":[{"href":"https:\/\/casa-grande.com.ar\/web\/wp-json\/wp\/v2\/types\/page"}],"author":[{"embeddable":true,"href":"https:\/\/casa-grande.com.ar\/web\/wp-json\/wp\/v2\/users\/2"}],"replies":[{"embeddable":true,"href":"https:\/\/casa-grande.com.ar\/web\/wp-json\/wp\/v2\/comments?post=512"}],"version-history":[{"count":9,"href":"https:\/\/casa-grande.com.ar\/web\/wp-json\/wp\/v2\/pages\/512\/revisions"}],"predecessor-version":[{"id":602,"href":"https:\/\/casa-grande.com.ar\/web\/wp-json\/wp\/v2\/pages\/512\/revisions\/602"}],"up":[{"embeddable":true,"href":"https:\/\/casa-grande.com.ar\/web\/wp-json\/wp\/v2\/pages\/510"}],"wp:featuredmedia":[{"embeddable":true,"href":"https:\/\/casa-grande.com.ar\/web\/wp-json\/wp\/v2\/media\/513"}],"wp:attachment":[{"href":"https:\/\/casa-grande.com.ar\/web\/wp-json\/wp\/v2\/media?parent=512"}],"curies":[{"name":"wp","href":"https:\/\/api.w.org\/{rel}","templated":true}]}}