{"id":521,"date":"2018-10-16T20:21:13","date_gmt":"2018-10-16T20:21:13","guid":{"rendered":"http:\/\/casa-grande.com.ar\/web\/?page_id=521"},"modified":"2019-01-17T13:37:30","modified_gmt":"2019-01-17T13:37:30","slug":"bahia-manzano","status":"publish","type":"page","link":"https:\/\/casa-grande.com.ar\/web\/fotos\/bahia-manzano\/","title":{"rendered":"Puerto Arauco"},"content":{"rendered":"<p>A orilla del Lago Nahuel Huapi un sector residencial para apreciar la arquitectura t\u00edpicamente cordillerana. Sobre la costa este se encuentra el Puerto Arauco. El lugar fue poblado desde fines del siglo pasado.<\/p>\n<p>Estrat\u00e9gicamente hablando, tiene una ubicaci\u00f3n perfecta para los cultores de la pesca, ski, deportes n\u00e1uticos, mountain bike y otros.<\/p>\n<p><img loading=\"lazy\" decoding=\"async\" class=\"aligncenter wp-image-519 size-full\" src=\"http:\/\/casa-grande.com.ar\/web\/wp-content\/uploads\/2018\/10\/29.jpg\" alt=\"\" width=\"812\" height=\"960\" srcset=\"https:\/\/casa-grande.com.ar\/web\/wp-content\/uploads\/2018\/10\/29.jpg 812w, https:\/\/casa-grande.com.ar\/web\/wp-content\/uploads\/2018\/10\/29-254x300.jpg 254w, https:\/\/casa-grande.com.ar\/web\/wp-content\/uploads\/2018\/10\/29-768x908.jpg 768w\" sizes=\"auto, (max-width: 812px) 100vw, 812px\" \/><\/p>\n","protected":false},"excerpt":{"rendered":"<p>A orilla del Lago Nahuel Huapi un sector residencial para apreciar la arquitectura t\u00edpicamente cordillerana. Sobre la costa este se encuentra el Puerto Arauco. El<\/p>\n","protected":false},"author":2,"featured_media":519,"parent":510,"menu_order":40,"comment_status":"closed","ping_status":"closed","template":"page-templates\/template-portfolio.php","meta":{"footnotes":""},"class_list":["post-521","page","type-page","status-publish","has-post-thumbnail","hentry"],"_links":{"self":[{"href":"https:\/\/casa-grande.com.ar\/web\/wp-json\/wp\/v2\/pages\/521","targetHints":{"allow":["GET"]}}],"collection":[{"href":"https:\/\/casa-grande.com.ar\/web\/wp-json\/wp\/v2\/pages"}],"about":[{"href":"https:\/\/casa-grande.com.ar\/web\/wp-json\/wp\/v2\/types\/page"}],"author":[{"embeddable":true,"href":"https:\/\/casa-grande.com.ar\/web\/wp-json\/wp\/v2\/users\/2"}],"replies":[{"embeddable":true,"href":"https:\/\/casa-grande.com.ar\/web\/wp-json\/wp\/v2\/comments?post=521"}],"version-history":[{"count":6,"href":"https:\/\/casa-grande.com.ar\/web\/wp-json\/wp\/v2\/pages\/521\/revisions"}],"predecessor-version":[{"id":691,"href":"https:\/\/casa-grande.com.ar\/web\/wp-json\/wp\/v2\/pages\/521\/revisions\/691"}],"up":[{"embeddable":true,"href":"https:\/\/casa-grande.com.ar\/web\/wp-json\/wp\/v2\/pages\/510"}],"wp:featuredmedia":[{"embeddable":true,"href":"https:\/\/casa-grande.com.ar\/web\/wp-json\/wp\/v2\/media\/519"}],"wp:attachment":[{"href":"https:\/\/casa-grande.com.ar\/web\/wp-json\/wp\/v2\/media?parent=521"}],"curies":[{"name":"wp","href":"https:\/\/api.w.org\/{rel}","templated":true}]}}