{"id":524,"date":"2018-10-16T20:22:40","date_gmt":"2018-10-16T20:22:40","guid":{"rendered":"http:\/\/casa-grande.com.ar\/web\/?page_id=524"},"modified":"2018-11-22T22:02:51","modified_gmt":"2018-11-22T22:02:51","slug":"gastronomia","status":"publish","type":"page","link":"https:\/\/casa-grande.com.ar\/web\/fotos\/gastronomia\/","title":{"rendered":"Gastronom\u00eda"},"content":{"rendered":"<p>Villa La Angostura, Puerto Manzano lo invita a hacer un recorrido a trav\u00e9s de los sabores \u00fanicos de la cocina patag\u00f3nica. La Cocina Internacional, las pastas y pizzas, las cervecer\u00edas, el cordero patag\u00f3nico y la trucha entre muchos otros, son los platos que visten las mesas de nuestros restaurantes. Conocer nuestra cocina es recorrer los sabores de la cultura andino-patag\u00f3nica y, definitivamente, es algo que no se lo puede perder.<\/p>\n<p><a href=\"http:\/\/casa-grande.com.ar\/web\/wp-content\/uploads\/2018\/10\/13-verano.jpg\"><img loading=\"lazy\" decoding=\"async\" class=\"aligncenter wp-image-517 size-large\" src=\"http:\/\/casa-grande.com.ar\/web\/wp-content\/uploads\/2018\/10\/13-verano-1024x417.jpg\" alt=\"\" width=\"783\" height=\"319\" srcset=\"https:\/\/casa-grande.com.ar\/web\/wp-content\/uploads\/2018\/10\/13-verano-1024x417.jpg 1024w, https:\/\/casa-grande.com.ar\/web\/wp-content\/uploads\/2018\/10\/13-verano-300x122.jpg 300w, https:\/\/casa-grande.com.ar\/web\/wp-content\/uploads\/2018\/10\/13-verano-768x312.jpg 768w, https:\/\/casa-grande.com.ar\/web\/wp-content\/uploads\/2018\/10\/13-verano.jpg 1229w\" sizes=\"auto, (max-width: 783px) 100vw, 783px\" \/><\/a><\/p>\n","protected":false},"excerpt":{"rendered":"<p>Villa La Angostura, Puerto Manzano lo invita a hacer un recorrido a trav\u00e9s de los sabores \u00fanicos de la cocina patag\u00f3nica. La Cocina Internacional, las<\/p>\n","protected":false},"author":2,"featured_media":517,"parent":510,"menu_order":20,"comment_status":"closed","ping_status":"closed","template":"page-templates\/template-portfolio.php","meta":{"footnotes":""},"class_list":["post-524","page","type-page","status-publish","has-post-thumbnail","hentry"],"_links":{"self":[{"href":"https:\/\/casa-grande.com.ar\/web\/wp-json\/wp\/v2\/pages\/524","targetHints":{"allow":["GET"]}}],"collection":[{"href":"https:\/\/casa-grande.com.ar\/web\/wp-json\/wp\/v2\/pages"}],"about":[{"href":"https:\/\/casa-grande.com.ar\/web\/wp-json\/wp\/v2\/types\/page"}],"author":[{"embeddable":true,"href":"https:\/\/casa-grande.com.ar\/web\/wp-json\/wp\/v2\/users\/2"}],"replies":[{"embeddable":true,"href":"https:\/\/casa-grande.com.ar\/web\/wp-json\/wp\/v2\/comments?post=524"}],"version-history":[{"count":5,"href":"https:\/\/casa-grande.com.ar\/web\/wp-json\/wp\/v2\/pages\/524\/revisions"}],"predecessor-version":[{"id":605,"href":"https:\/\/casa-grande.com.ar\/web\/wp-json\/wp\/v2\/pages\/524\/revisions\/605"}],"up":[{"embeddable":true,"href":"https:\/\/casa-grande.com.ar\/web\/wp-json\/wp\/v2\/pages\/510"}],"wp:featuredmedia":[{"embeddable":true,"href":"https:\/\/casa-grande.com.ar\/web\/wp-json\/wp\/v2\/media\/517"}],"wp:attachment":[{"href":"https:\/\/casa-grande.com.ar\/web\/wp-json\/wp\/v2\/media?parent=524"}],"curies":[{"name":"wp","href":"https:\/\/api.w.org\/{rel}","templated":true}]}}