{"id":535,"date":"2018-10-16T20:48:01","date_gmt":"2018-10-16T20:48:01","guid":{"rendered":"http:\/\/casa-grande.com.ar\/web\/?page_id=535"},"modified":"2018-11-22T21:57:52","modified_gmt":"2018-11-22T21:57:52","slug":"cerro-bayo","status":"publish","type":"page","link":"https:\/\/casa-grande.com.ar\/web\/fotos\/cerro-bayo\/","title":{"rendered":"Cerro Bayo"},"content":{"rendered":"<p>A 3 Km. del Cruce, de la ruta nac. 231 (en direcci\u00f3n a Bariloche) nace la ruta provincial 66 que conduce al centro de Esqu\u00ed Boutique y Club de Monta\u00f1a Cerro Bayo, en cuyo trayecto de 6 Km., se emplazan tres miradores que ofrecen esplendidas vistas panor\u00e1micas de Villa la Angostura.<\/p>\n<p>En el ingreso a la ruta 66, sobre mano derecha se halla un centro de aventura, abierto todo el a\u00f1o, en el que se pueden practicar rappel, escalada, tirolesa, alquilar fourtrax, y excusiones con raquetas de nieve. Tambi\u00e9n cuenta con actividades de aventura para ni\u00f1os.<\/p>\n<p><img loading=\"lazy\" decoding=\"async\" class=\"aligncenter wp-image-518 size-full\" src=\"http:\/\/casa-grande.com.ar\/web\/wp-content\/uploads\/2018\/10\/18-invierno-cerro-bayo.jpg\" alt=\"\" width=\"892\" height=\"400\" srcset=\"https:\/\/casa-grande.com.ar\/web\/wp-content\/uploads\/2018\/10\/18-invierno-cerro-bayo.jpg 892w, https:\/\/casa-grande.com.ar\/web\/wp-content\/uploads\/2018\/10\/18-invierno-cerro-bayo-300x135.jpg 300w, https:\/\/casa-grande.com.ar\/web\/wp-content\/uploads\/2018\/10\/18-invierno-cerro-bayo-768x344.jpg 768w, https:\/\/casa-grande.com.ar\/web\/wp-content\/uploads\/2018\/10\/18-invierno-cerro-bayo-319x142.jpg 319w\" sizes=\"auto, (max-width: 892px) 100vw, 892px\" \/><\/p>\n","protected":false},"excerpt":{"rendered":"<p>A 3 Km. del Cruce, de la ruta nac. 231 (en direcci\u00f3n a Bariloche) nace la ruta provincial 66 que conduce al centro de Esqu\u00ed<\/p>\n","protected":false},"author":2,"featured_media":518,"parent":510,"menu_order":30,"comment_status":"closed","ping_status":"closed","template":"page-templates\/template-portfolio.php","meta":{"footnotes":""},"class_list":["post-535","page","type-page","status-publish","has-post-thumbnail","hentry"],"_links":{"self":[{"href":"https:\/\/casa-grande.com.ar\/web\/wp-json\/wp\/v2\/pages\/535","targetHints":{"allow":["GET"]}}],"collection":[{"href":"https:\/\/casa-grande.com.ar\/web\/wp-json\/wp\/v2\/pages"}],"about":[{"href":"https:\/\/casa-grande.com.ar\/web\/wp-json\/wp\/v2\/types\/page"}],"author":[{"embeddable":true,"href":"https:\/\/casa-grande.com.ar\/web\/wp-json\/wp\/v2\/users\/2"}],"replies":[{"embeddable":true,"href":"https:\/\/casa-grande.com.ar\/web\/wp-json\/wp\/v2\/comments?post=535"}],"version-history":[{"count":7,"href":"https:\/\/casa-grande.com.ar\/web\/wp-json\/wp\/v2\/pages\/535\/revisions"}],"predecessor-version":[{"id":601,"href":"https:\/\/casa-grande.com.ar\/web\/wp-json\/wp\/v2\/pages\/535\/revisions\/601"}],"up":[{"embeddable":true,"href":"https:\/\/casa-grande.com.ar\/web\/wp-json\/wp\/v2\/pages\/510"}],"wp:featuredmedia":[{"embeddable":true,"href":"https:\/\/casa-grande.com.ar\/web\/wp-json\/wp\/v2\/media\/518"}],"wp:attachment":[{"href":"https:\/\/casa-grande.com.ar\/web\/wp-json\/wp\/v2\/media?parent=535"}],"curies":[{"name":"wp","href":"https:\/\/api.w.org\/{rel}","templated":true}]}}