{"id":541,"date":"2018-10-16T20:58:08","date_gmt":"2018-10-16T20:58:08","guid":{"rendered":"http:\/\/casa-grande.com.ar\/web\/?page_id=541"},"modified":"2018-11-22T12:24:30","modified_gmt":"2018-11-22T12:24:30","slug":"muelle","status":"publish","type":"page","link":"https:\/\/casa-grande.com.ar\/web\/fotos\/muelle\/","title":{"rendered":"Muelle"},"content":{"rendered":"<p>El nombre de Villa la Angostura proviene de la geograf\u00eda que puede observarse en este imponente marco, la peque\u00f1a uni\u00f3n del \u00e1rea costera con la Pen\u00ednsula, a trav\u00e9s del Istmo de Quetrihue; en el Que se encuentra el ingreso al Parque Nacional Los Arrayanes.<\/p>\n<p>Este \u00e1rea se constituye en uno de los principales atractivos, no solo por la espectacularidad del paisaje, sino tambi\u00e9n, por que es el \u00c1rea Fundacional de Villa la Angostura.<\/p>\n<p><img loading=\"lazy\" decoding=\"async\" class=\"wp-image-516 size-large aligncenter\" src=\"http:\/\/casa-grande.com.ar\/web\/wp-content\/uploads\/2018\/10\/11-verano-1024x417.jpg\" alt=\"\" width=\"783\" height=\"319\" srcset=\"https:\/\/casa-grande.com.ar\/web\/wp-content\/uploads\/2018\/10\/11-verano-1024x417.jpg 1024w, https:\/\/casa-grande.com.ar\/web\/wp-content\/uploads\/2018\/10\/11-verano-300x122.jpg 300w, https:\/\/casa-grande.com.ar\/web\/wp-content\/uploads\/2018\/10\/11-verano-768x313.jpg 768w, https:\/\/casa-grande.com.ar\/web\/wp-content\/uploads\/2018\/10\/11-verano.jpg 1229w\" sizes=\"auto, (max-width: 783px) 100vw, 783px\" \/><\/p>\n","protected":false},"excerpt":{"rendered":"<p>El nombre de Villa la Angostura proviene de la geograf\u00eda que puede observarse en este imponente marco, la peque\u00f1a uni\u00f3n del \u00e1rea costera con la<\/p>\n","protected":false},"author":2,"featured_media":516,"parent":510,"menu_order":80,"comment_status":"closed","ping_status":"closed","template":"page-templates\/template-portfolio.php","meta":{"footnotes":""},"class_list":["post-541","page","type-page","status-publish","has-post-thumbnail","hentry"],"_links":{"self":[{"href":"https:\/\/casa-grande.com.ar\/web\/wp-json\/wp\/v2\/pages\/541","targetHints":{"allow":["GET"]}}],"collection":[{"href":"https:\/\/casa-grande.com.ar\/web\/wp-json\/wp\/v2\/pages"}],"about":[{"href":"https:\/\/casa-grande.com.ar\/web\/wp-json\/wp\/v2\/types\/page"}],"author":[{"embeddable":true,"href":"https:\/\/casa-grande.com.ar\/web\/wp-json\/wp\/v2\/users\/2"}],"replies":[{"embeddable":true,"href":"https:\/\/casa-grande.com.ar\/web\/wp-json\/wp\/v2\/comments?post=541"}],"version-history":[{"count":4,"href":"https:\/\/casa-grande.com.ar\/web\/wp-json\/wp\/v2\/pages\/541\/revisions"}],"predecessor-version":[{"id":600,"href":"https:\/\/casa-grande.com.ar\/web\/wp-json\/wp\/v2\/pages\/541\/revisions\/600"}],"up":[{"embeddable":true,"href":"https:\/\/casa-grande.com.ar\/web\/wp-json\/wp\/v2\/pages\/510"}],"wp:featuredmedia":[{"embeddable":true,"href":"https:\/\/casa-grande.com.ar\/web\/wp-json\/wp\/v2\/media\/516"}],"wp:attachment":[{"href":"https:\/\/casa-grande.com.ar\/web\/wp-json\/wp\/v2\/media?parent=541"}],"curies":[{"name":"wp","href":"https:\/\/api.w.org\/{rel}","templated":true}]}}